{"id":24,"date":"2023-12-13T18:30:32","date_gmt":"2023-12-13T18:30:32","guid":{"rendered":"https:\/\/www.lips-org.ch\/?page_id=24"},"modified":"2024-01-03T16:45:17","modified_gmt":"2024-01-03T16:45:17","slug":"konferenzen","status":"publish","type":"page","link":"https:\/\/www.lips-org.ch\/?page_id=24","title":{"rendered":"Konferenzen"},"content":{"rendered":"\t\t<div data-elementor-type=\"wp-page\" data-elementor-id=\"24\" class=\"elementor elementor-24\" data-elementor-post-type=\"page\">\n\t\t\t\t<div class=\"elementor-element elementor-element-9cfd582 e-flex e-con-boxed e-con e-parent\" data-id=\"9cfd582\" data-element_type=\"container\" data-e-type=\"container\">\n\t\t\t\t\t<div class=\"e-con-inner\">\n\t\t\t\t<div class=\"elementor-element elementor-element-331fb09 elementor-widget elementor-widget-text-editor\" data-id=\"331fb09\" data-element_type=\"widget\" data-e-type=\"widget\" data-widget_type=\"text-editor.default\">\n\t\t\t\t<div class=\"elementor-widget-container\">\n\t\t\t\t\t\t\t\t\t<p>LIPS organisiert regelm\u00e4ssig Konferenzen zu gesellschaftlichen und politischen Themen sowie Anl\u00e4sse mit Friedens- und Sicherheitsrelevanz. Eine \u00dcbersicht \u00fcber unsere vergangene Konferenzen finden Sie hier:\u00a0 <a href=\"https:\/\/www.lips-org.ch\/wp-content\/uploads\/2024\/01\/LIPS-Konferenzen-2005-2019.pdf\">LIPS-Konferenzen 2005-2019<\/a><\/p>\t\t\t\t\t\t\t\t<\/div>\n\t\t\t\t<\/div>\n\t\t\t\t<div class=\"elementor-element elementor-element-86f4960 elementor-grid-eael-col-3 elementor-grid-tablet-eael-col-2 elementor-grid-mobile-eael-col-1 elementor-widget elementor-widget-eael-post-grid\" data-id=\"86f4960\" data-element_type=\"widget\" data-e-type=\"widget\" data-settings=\"{&quot;eael_post_grid_columns&quot;:&quot;eael-col-3&quot;,&quot;eael_post_grid_columns_tablet&quot;:&quot;eael-col-2&quot;,&quot;eael_post_grid_columns_mobile&quot;:&quot;eael-col-1&quot;}\" data-widget_type=\"eael-post-grid.default\">\n\t\t\t\t<div class=\"elementor-widget-container\">\n\t\t\t\t\t<div id=\"eael-post-grid-86f4960\" class=\"eael-post-grid-container\">\n            <div class=\"eael-post-grid eael-post-appender eael-post-appender-86f4960 eael-post-grid-style-one\" data-layout-mode=\"grid\"><article class=\"eael-grid-post  eael-post-grid-column eael-pg-post-18 category-aktuelles-konferenzen\" data-id=\"18\">\n        <div class=\"eael-grid-post-holder\">\n            <div class=\"eael-grid-post-holder-inner\"><div class=\"eael-entry-wrapper\"><header class=\"eael-entry-header\"><h2 class=\"eael-entry-title\"><a class=\"eael-grid-post-link\" href=\"https:\/\/www.lips-org.ch\/?p=18\" title=\"WOMEN\u00a0 IN\u00a0 SECURITY: DIE\u00a0 BEDEUTUNG\u00a0 DER\u00a0 FRAUEN F\u00dcR\u00a0 DIE\u00a0 SICHERHEIT\">WOMEN\u00a0 IN\u00a0 SECURITY: DIE\u00a0 BEDEUTUNG\u00a0 DER\u00a0 FRAUEN F\u00dcR\u00a0 DIE\u00a0 SICHERHEIT<\/a><\/h2><\/header><div class=\"eael-entry-content\">\n                        <div class=\"eael-grid-post-excerpt\"><p>KONFERENZ\u00a0 in Luzern Donnerstag, 14. November 201917:15 &#8211; 21:00 Uhr...<\/p><a href=\"https:\/\/www.lips-org.ch\/?p=18\" class=\"eael-post-elements-readmore-btn\">Lesen Sie mehr<\/a><\/div>\n                    <\/div><div class=\"eael-entry-footer\"><div class=\"eael-author-avatar\"><a href=\"https:\/\/www.lips-org.ch\/?author=1\"><img alt='admin' src='https:\/\/secure.gravatar.com\/avatar\/4e026798490ac965227879aebc3dc8b81a29d348f4eaa9f82e958f73050f92c7?s=96&#038;d=mm&#038;r=g' srcset='https:\/\/secure.gravatar.com\/avatar\/4e026798490ac965227879aebc3dc8b81a29d348f4eaa9f82e958f73050f92c7?s=192&#038;d=mm&#038;r=g 2x' class='avatar avatar-96 photo' height='96' width='96' \/><\/a><\/div><div class=\"eael-entry-meta\"><span class=\"eael-posted-by\"><a href=\"https:\/\/www.lips-org.ch\/?author=1\" title=\"Posts by admin\" rel=\"author\">admin<\/a><\/span><span class=\"eael-posted-on\"><time datetime=\"10. September 2019\">10. September 2019<\/time><\/span><\/div><\/div><\/div><\/div>\n        <\/div>\n    <\/article><article class=\"eael-grid-post  eael-post-grid-column eael-pg-post-214 category-aktuelles-konferenzen\" data-id=\"214\">\n        <div class=\"eael-grid-post-holder\">\n            <div class=\"eael-grid-post-holder-inner\"><div class=\"eael-entry-wrapper\"><header class=\"eael-entry-header\"><h2 class=\"eael-entry-title\"><a class=\"eael-grid-post-link\" href=\"https:\/\/www.lips-org.ch\/?p=214\" title=\"KRISENKOMMUNIKATION IM TERRORFALL UND BEI CYBERATTACKEN\">KRISENKOMMUNIKATION IM TERRORFALL UND BEI CYBERATTACKEN<\/a><\/h2><\/header><div class=\"eael-entry-content\">\n                        <div class=\"eael-grid-post-excerpt\"><p>Von realistischen Szenarien lernen LIPS, die Luzerner Initiative f\u00fcr Frieden...<\/p><a href=\"https:\/\/www.lips-org.ch\/?p=214\" class=\"eael-post-elements-readmore-btn\">Lesen Sie mehr<\/a><\/div>\n                    <\/div><div class=\"eael-entry-footer\"><div class=\"eael-author-avatar\"><a href=\"https:\/\/www.lips-org.ch\/?author=1\"><img alt='admin' src='https:\/\/secure.gravatar.com\/avatar\/4e026798490ac965227879aebc3dc8b81a29d348f4eaa9f82e958f73050f92c7?s=96&#038;d=mm&#038;r=g' srcset='https:\/\/secure.gravatar.com\/avatar\/4e026798490ac965227879aebc3dc8b81a29d348f4eaa9f82e958f73050f92c7?s=192&#038;d=mm&#038;r=g 2x' class='avatar avatar-96 photo' height='96' width='96' \/><\/a><\/div><div class=\"eael-entry-meta\"><span class=\"eael-posted-by\"><a href=\"https:\/\/www.lips-org.ch\/?author=1\" title=\"Posts by admin\" rel=\"author\">admin<\/a><\/span><span class=\"eael-posted-on\"><time datetime=\"24. Oktober 2017\">24. Oktober 2017<\/time><\/span><\/div><\/div><\/div><\/div>\n        <\/div>\n    <\/article><article class=\"eael-grid-post  eael-post-grid-column eael-pg-post-250 category-aktuelles-konferenzen\" data-id=\"250\">\n        <div class=\"eael-grid-post-holder\">\n            <div class=\"eael-grid-post-holder-inner\"><div class=\"eael-entry-wrapper\"><header class=\"eael-entry-header\"><h2 class=\"eael-entry-title\"><a class=\"eael-grid-post-link\" href=\"https:\/\/www.lips-org.ch\/?p=250\" title=\"RELIGIONEN\u00a0 UND\u00a0 GEWALT\">RELIGIONEN\u00a0 UND\u00a0 GEWALT<\/a><\/h2><\/header><div class=\"eael-entry-content\">\n                        <div class=\"eael-grid-post-excerpt\"><p>Die gemeinsame Verantwortung der Glaubensgemeinschaften zur Verhinderung von gewaltsamem Extremismus...<\/p><a href=\"https:\/\/www.lips-org.ch\/?p=250\" class=\"eael-post-elements-readmore-btn\">Lesen Sie mehr<\/a><\/div>\n                    <\/div><div class=\"eael-entry-footer\"><div class=\"eael-author-avatar\"><a href=\"https:\/\/www.lips-org.ch\/?author=1\"><img alt='admin' src='https:\/\/secure.gravatar.com\/avatar\/4e026798490ac965227879aebc3dc8b81a29d348f4eaa9f82e958f73050f92c7?s=96&#038;d=mm&#038;r=g' srcset='https:\/\/secure.gravatar.com\/avatar\/4e026798490ac965227879aebc3dc8b81a29d348f4eaa9f82e958f73050f92c7?s=192&#038;d=mm&#038;r=g 2x' class='avatar avatar-96 photo' height='96' width='96' \/><\/a><\/div><div class=\"eael-entry-meta\"><span class=\"eael-posted-by\"><a href=\"https:\/\/www.lips-org.ch\/?author=1\" title=\"Posts by admin\" rel=\"author\">admin<\/a><\/span><span class=\"eael-posted-on\"><time datetime=\"26. Februar 2014\">26. Februar 2014<\/time><\/span><\/div><\/div><\/div><\/div>\n        <\/div>\n    <\/article><article class=\"eael-grid-post  eael-post-grid-column eael-pg-post-299 category-aktuelles-konferenzen\" data-id=\"299\">\n        <div class=\"eael-grid-post-holder\">\n            <div class=\"eael-grid-post-holder-inner\"><div class=\"eael-entry-wrapper\"><header class=\"eael-entry-header\"><h2 class=\"eael-entry-title\"><a class=\"eael-grid-post-link\" href=\"https:\/\/www.lips-org.ch\/?p=299\" title=\"RISIKEN DES INTERNETS\">RISIKEN DES INTERNETS<\/a><\/h2><\/header><div class=\"eael-entry-content\">\n                        <div class=\"eael-grid-post-excerpt\"><p>Herausforderung f\u00fcr Politik, Wirtschaft und Gesellschaft LIPS, die Luzerner Initiatative...<\/p><a href=\"https:\/\/www.lips-org.ch\/?p=299\" class=\"eael-post-elements-readmore-btn\">Lesen Sie mehr<\/a><\/div>\n                    <\/div><div class=\"eael-entry-footer\"><div class=\"eael-author-avatar\"><a href=\"https:\/\/www.lips-org.ch\/?author=1\"><img alt='admin' src='https:\/\/secure.gravatar.com\/avatar\/4e026798490ac965227879aebc3dc8b81a29d348f4eaa9f82e958f73050f92c7?s=96&#038;d=mm&#038;r=g' srcset='https:\/\/secure.gravatar.com\/avatar\/4e026798490ac965227879aebc3dc8b81a29d348f4eaa9f82e958f73050f92c7?s=192&#038;d=mm&#038;r=g 2x' class='avatar avatar-96 photo' height='96' width='96' \/><\/a><\/div><div class=\"eael-entry-meta\"><span class=\"eael-posted-by\"><a href=\"https:\/\/www.lips-org.ch\/?author=1\" title=\"Posts by admin\" rel=\"author\">admin<\/a><\/span><span class=\"eael-posted-on\"><time datetime=\"26. August 2012\">26. August 2012<\/time><\/span><\/div><\/div><\/div><\/div>\n        <\/div>\n    <\/article><article class=\"eael-grid-post  eael-post-grid-column eael-pg-post-311 category-aktuelles-konferenzen\" data-id=\"311\">\n        <div class=\"eael-grid-post-holder\">\n            <div class=\"eael-grid-post-holder-inner\"><div class=\"eael-entry-wrapper\"><header class=\"eael-entry-header\"><h2 class=\"eael-entry-title\"><a class=\"eael-grid-post-link\" href=\"https:\/\/www.lips-org.ch\/?p=311\" title=\"\u00d6FFENTLICHE SICHERHEIT\">\u00d6FFENTLICHE SICHERHEIT<\/a><\/h2><\/header><div class=\"eael-entry-content\">\n                        <div class=\"eael-grid-post-excerpt\"><p>Gewalt &#8211; t\u00e4gliche Bedrohung Konferenz zur Gewalt in der Gesellschaft:...<\/p><a href=\"https:\/\/www.lips-org.ch\/?p=311\" class=\"eael-post-elements-readmore-btn\">Lesen Sie mehr<\/a><\/div>\n                    <\/div><div class=\"eael-entry-footer\"><div class=\"eael-author-avatar\"><a href=\"https:\/\/www.lips-org.ch\/?author=1\"><img alt='admin' src='https:\/\/secure.gravatar.com\/avatar\/4e026798490ac965227879aebc3dc8b81a29d348f4eaa9f82e958f73050f92c7?s=96&#038;d=mm&#038;r=g' srcset='https:\/\/secure.gravatar.com\/avatar\/4e026798490ac965227879aebc3dc8b81a29d348f4eaa9f82e958f73050f92c7?s=192&#038;d=mm&#038;r=g 2x' class='avatar avatar-96 photo' height='96' width='96' \/><\/a><\/div><div class=\"eael-entry-meta\"><span class=\"eael-posted-by\"><a href=\"https:\/\/www.lips-org.ch\/?author=1\" title=\"Posts by admin\" rel=\"author\">admin<\/a><\/span><span class=\"eael-posted-on\"><time datetime=\"22. Juni 2011\">22. Juni 2011<\/time><\/span><\/div><\/div><\/div><\/div>\n        <\/div>\n    <\/article><article class=\"eael-grid-post  eael-post-grid-column eael-pg-post-329 category-aktuelles-konferenzen\" data-id=\"329\">\n        <div class=\"eael-grid-post-holder\">\n            <div class=\"eael-grid-post-holder-inner\"><div class=\"eael-entry-wrapper\"><header class=\"eael-entry-header\"><h2 class=\"eael-entry-title\"><a class=\"eael-grid-post-link\" href=\"https:\/\/www.lips-org.ch\/?p=329\" title=\"GEWALT &#8211; T\u00c4GLICHE BEDROHUNG\">GEWALT &#8211; T\u00c4GLICHE BEDROHUNG<\/a><\/h2><\/header><div class=\"eael-entry-content\">\n                        <div class=\"eael-grid-post-excerpt\"><p>Konferenz zur Gewalt in der Gesellschaft Mit Bundesr\u00e4tin Eveline WIDMER-SCHLUMPF...<\/p><a href=\"https:\/\/www.lips-org.ch\/?p=329\" class=\"eael-post-elements-readmore-btn\">Lesen Sie mehr<\/a><\/div>\n                    <\/div><div class=\"eael-entry-footer\"><div class=\"eael-author-avatar\"><a href=\"https:\/\/www.lips-org.ch\/?author=1\"><img alt='admin' src='https:\/\/secure.gravatar.com\/avatar\/4e026798490ac965227879aebc3dc8b81a29d348f4eaa9f82e958f73050f92c7?s=96&#038;d=mm&#038;r=g' srcset='https:\/\/secure.gravatar.com\/avatar\/4e026798490ac965227879aebc3dc8b81a29d348f4eaa9f82e958f73050f92c7?s=192&#038;d=mm&#038;r=g 2x' class='avatar avatar-96 photo' height='96' width='96' \/><\/a><\/div><div class=\"eael-entry-meta\"><span class=\"eael-posted-by\"><a href=\"https:\/\/www.lips-org.ch\/?author=1\" title=\"Posts by admin\" rel=\"author\">admin<\/a><\/span><span class=\"eael-posted-on\"><time datetime=\"27. Mai 2010\">27. Mai 2010<\/time><\/span><\/div><\/div><\/div><\/div>\n        <\/div>\n    <\/article><article class=\"eael-grid-post  eael-post-grid-column eael-pg-post-344 category-aktuelles-konferenzen\" data-id=\"344\">\n        <div class=\"eael-grid-post-holder\">\n            <div class=\"eael-grid-post-holder-inner\"><div class=\"eael-entry-wrapper\"><header class=\"eael-entry-header\"><h2 class=\"eael-entry-title\"><a class=\"eael-grid-post-link\" href=\"https:\/\/www.lips-org.ch\/?p=344\" title=\"UMFASSENDE SICHERHEIT\">UMFASSENDE SICHERHEIT<\/a><\/h2><\/header><div class=\"eael-entry-content\">\n                        <div class=\"eael-grid-post-excerpt\"><p>Die neue Sicherheitspolitik der Schweiz Mit Bundesrat Ueli MAURER Organisatoren:...<\/p><a href=\"https:\/\/www.lips-org.ch\/?p=344\" class=\"eael-post-elements-readmore-btn\">Lesen Sie mehr<\/a><\/div>\n                    <\/div><div class=\"eael-entry-footer\"><div class=\"eael-author-avatar\"><a href=\"https:\/\/www.lips-org.ch\/?author=1\"><img alt='admin' src='https:\/\/secure.gravatar.com\/avatar\/4e026798490ac965227879aebc3dc8b81a29d348f4eaa9f82e958f73050f92c7?s=96&#038;d=mm&#038;r=g' srcset='https:\/\/secure.gravatar.com\/avatar\/4e026798490ac965227879aebc3dc8b81a29d348f4eaa9f82e958f73050f92c7?s=192&#038;d=mm&#038;r=g 2x' class='avatar avatar-96 photo' height='96' width='96' \/><\/a><\/div><div class=\"eael-entry-meta\"><span class=\"eael-posted-by\"><a href=\"https:\/\/www.lips-org.ch\/?author=1\" title=\"Posts by admin\" rel=\"author\">admin<\/a><\/span><span class=\"eael-posted-on\"><time datetime=\"26. Juni 2009\">26. Juni 2009<\/time><\/span><\/div><\/div><\/div><\/div>\n        <\/div>\n    <\/article><article class=\"eael-grid-post  eael-post-grid-column eael-pg-post-356 category-aktuelles-konferenzen\" data-id=\"356\">\n        <div class=\"eael-grid-post-holder\">\n            <div class=\"eael-grid-post-holder-inner\"><div class=\"eael-entry-wrapper\"><header class=\"eael-entry-header\"><h2 class=\"eael-entry-title\"><a class=\"eael-grid-post-link\" href=\"https:\/\/www.lips-org.ch\/?p=356\" title=\"Diversity \/ Integration &#8211; in Staat, Wirtschaft und Gesellschaft\">Diversity \/ Integration &#8211; in Staat, Wirtschaft und Gesellschaft<\/a><\/h2><\/header><div class=\"eael-entry-content\">\n                        <div class=\"eael-grid-post-excerpt\"><p>3. Internationale Konferenz Vielleicht durften wir Sie auch an unserer...<\/p><a href=\"https:\/\/www.lips-org.ch\/?p=356\" class=\"eael-post-elements-readmore-btn\">Lesen Sie mehr<\/a><\/div>\n                    <\/div><div class=\"eael-entry-footer\"><div class=\"eael-author-avatar\"><a href=\"https:\/\/www.lips-org.ch\/?author=1\"><img alt='admin' src='https:\/\/secure.gravatar.com\/avatar\/4e026798490ac965227879aebc3dc8b81a29d348f4eaa9f82e958f73050f92c7?s=96&#038;d=mm&#038;r=g' srcset='https:\/\/secure.gravatar.com\/avatar\/4e026798490ac965227879aebc3dc8b81a29d348f4eaa9f82e958f73050f92c7?s=192&#038;d=mm&#038;r=g 2x' class='avatar avatar-96 photo' height='96' width='96' \/><\/a><\/div><div class=\"eael-entry-meta\"><span class=\"eael-posted-by\"><a href=\"https:\/\/www.lips-org.ch\/?author=1\" title=\"Posts by admin\" rel=\"author\">admin<\/a><\/span><span class=\"eael-posted-on\"><time datetime=\"15. August 2008\">15. August 2008<\/time><\/span><\/div><\/div><\/div><\/div>\n        <\/div>\n    <\/article><article class=\"eael-grid-post  eael-post-grid-column eael-pg-post-427 category-aktuelles-konferenzen\" data-id=\"427\">\n        <div class=\"eael-grid-post-holder\">\n            <div class=\"eael-grid-post-holder-inner\"><div class=\"eael-entry-wrapper\"><header class=\"eael-entry-header\"><h2 class=\"eael-entry-title\"><a class=\"eael-grid-post-link\" href=\"https:\/\/www.lips-org.ch\/?p=427\" title=\"2. Internationale Friedenskonferenz\">2. Internationale Friedenskonferenz<\/a><\/h2><\/header><div class=\"eael-entry-content\">\n                        <div class=\"eael-grid-post-excerpt\"><p>Wasser &#8211; Herausforderung der Zukunft f\u00fcr Frieden und Sicherheit? Dokumente:...<\/p><a href=\"https:\/\/www.lips-org.ch\/?p=427\" class=\"eael-post-elements-readmore-btn\">Lesen Sie mehr<\/a><\/div>\n                    <\/div><div class=\"eael-entry-footer\"><div class=\"eael-author-avatar\"><a href=\"https:\/\/www.lips-org.ch\/?author=1\"><img alt='admin' src='https:\/\/secure.gravatar.com\/avatar\/4e026798490ac965227879aebc3dc8b81a29d348f4eaa9f82e958f73050f92c7?s=96&#038;d=mm&#038;r=g' srcset='https:\/\/secure.gravatar.com\/avatar\/4e026798490ac965227879aebc3dc8b81a29d348f4eaa9f82e958f73050f92c7?s=192&#038;d=mm&#038;r=g 2x' class='avatar avatar-96 photo' height='96' width='96' \/><\/a><\/div><div class=\"eael-entry-meta\"><span class=\"eael-posted-by\"><a href=\"https:\/\/www.lips-org.ch\/?author=1\" title=\"Posts by admin\" rel=\"author\">admin<\/a><\/span><span class=\"eael-posted-on\"><time datetime=\"3. Juli 2007\">3. Juli 2007<\/time><\/span><\/div><\/div><\/div><\/div>\n        <\/div>\n    <\/article><article class=\"eael-grid-post  eael-post-grid-column eael-pg-post-441 category-aktuelles-konferenzen\" data-id=\"441\">\n        <div class=\"eael-grid-post-holder\">\n            <div class=\"eael-grid-post-holder-inner\"><div class=\"eael-entry-wrapper\"><header class=\"eael-entry-header\"><h2 class=\"eael-entry-title\"><a class=\"eael-grid-post-link\" href=\"https:\/\/www.lips-org.ch\/?p=441\" title=\"1. Internationale Friedenskonferenz\">1. Internationale Friedenskonferenz<\/a><\/h2><\/header><div class=\"eael-entry-content\">\n                        <div class=\"eael-grid-post-excerpt\"><p>Visionen zu Frieden und Sicherheit. Luzern 1905-2005. Die Konferenz fand...<\/p><a href=\"https:\/\/www.lips-org.ch\/?p=441\" class=\"eael-post-elements-readmore-btn\">Lesen Sie mehr<\/a><\/div>\n                    <\/div><div class=\"eael-entry-footer\"><div class=\"eael-author-avatar\"><a href=\"https:\/\/www.lips-org.ch\/?author=1\"><img alt='admin' src='https:\/\/secure.gravatar.com\/avatar\/4e026798490ac965227879aebc3dc8b81a29d348f4eaa9f82e958f73050f92c7?s=96&#038;d=mm&#038;r=g' srcset='https:\/\/secure.gravatar.com\/avatar\/4e026798490ac965227879aebc3dc8b81a29d348f4eaa9f82e958f73050f92c7?s=192&#038;d=mm&#038;r=g 2x' class='avatar avatar-96 photo' height='96' width='96' \/><\/a><\/div><div class=\"eael-entry-meta\"><span class=\"eael-posted-by\"><a href=\"https:\/\/www.lips-org.ch\/?author=1\" title=\"Posts by admin\" rel=\"author\">admin<\/a><\/span><span class=\"eael-posted-on\"><time datetime=\"3. Juni 2005\">3. Juni 2005<\/time><\/span><\/div><\/div><\/div><\/div>\n        <\/div>\n    <\/article><\/div>\n            <div class=\"clearfix\"><\/div>\n        <\/div>\t\t\t\t<\/div>\n\t\t\t\t<\/div>\n\t\t\t\t\t<\/div>\n\t\t\t\t<\/div>\n\t\t\t\t<\/div>\n\t\t","protected":false},"excerpt":{"rendered":"<p>LIPS organisiert regelm\u00e4ssig Konferenzen zu gesellschaftlichen und politischen Themen sowie Anl\u00e4sse mit Friedens- und Sicherheitsrelevanz. Eine \u00dcbersicht \u00fcber unsere vergangene Konferenzen finden [&hellip;]<\/p>\n","protected":false},"author":1,"featured_media":0,"parent":0,"menu_order":0,"comment_status":"closed","ping_status":"closed","template":"","meta":{"_eb_attr":"","footnotes":""},"class_list":["post-24","page","type-page","status-publish","hentry"],"_links":{"self":[{"href":"https:\/\/www.lips-org.ch\/index.php?rest_route=\/wp\/v2\/pages\/24","targetHints":{"allow":["GET"]}}],"collection":[{"href":"https:\/\/www.lips-org.ch\/index.php?rest_route=\/wp\/v2\/pages"}],"about":[{"href":"https:\/\/www.lips-org.ch\/index.php?rest_route=\/wp\/v2\/types\/page"}],"author":[{"embeddable":true,"href":"https:\/\/www.lips-org.ch\/index.php?rest_route=\/wp\/v2\/users\/1"}],"replies":[{"embeddable":true,"href":"https:\/\/www.lips-org.ch\/index.php?rest_route=%2Fwp%2Fv2%2Fcomments&post=24"}],"version-history":[{"count":19,"href":"https:\/\/www.lips-org.ch\/index.php?rest_route=\/wp\/v2\/pages\/24\/revisions"}],"predecessor-version":[{"id":469,"href":"https:\/\/www.lips-org.ch\/index.php?rest_route=\/wp\/v2\/pages\/24\/revisions\/469"}],"wp:attachment":[{"href":"https:\/\/www.lips-org.ch\/index.php?rest_route=%2Fwp%2Fv2%2Fmedia&parent=24"}],"curies":[{"name":"wp","href":"https:\/\/api.w.org\/{rel}","templated":true}]}}